{"id":2764,"date":"2023-04-30T22:21:14","date_gmt":"2023-04-30T20:21:14","guid":{"rendered":"https:\/\/actorsworkshop.es\/?page_id=2764"},"modified":"2023-05-26T10:33:54","modified_gmt":"2023-05-26T08:33:54","slug":"equipo","status":"publish","type":"page","link":"https:\/\/actorsworkshop.es\/es\/equipo-2\/equipo\/","title":{"rendered":"Equipo"},"content":{"rendered":"<p>[spb_blank_spacer height=\u00bb60px\u00bb width=\u00bb1\/1&#8243; el_position=\u00bbfirst last\u00bb] [spb_column col_sm=\u00bb6&#8243; padding_horizontal=\u00bb0&#8243; width=\u00bb1\/2&#8243; el_position=\u00bbfirst\u00bb] [spb_text_block element_name=\u00bbFrank Feys\u00bb title=\u00bbFrank Feys\u00bb animation=\u00bbnone\u00bb animation_delay=\u00bb0&#8243; simplified_controls=\u00bbyes\u00bb custom_css_percentage=\u00bbno\u00bb padding_vertical=\u00bb4&#8243; padding_horizontal=\u00bb4&#8243; margin_vertical=\u00bb0&#8243; custom_css=\u00bbmargin-top: 0px;margin-bottom: 0px;padding-top: 4px;padding-left: 4px;padding-right: 4px;padding-bottom: 4px;\u00bb border_size=\u00bb0&#8243; border_styling_global=\u00bbdefault\u00bb width=\u00bb1\/1&#8243; el_position=\u00bbfirst last\u00bb]<\/p>\n<p>El Actors Workshop ha sido creado por <a href=\"http:\/\/www.imdb.com\/name\/nm0275513\/\" target=\"_blank\" rel=\"noopener noreferrer\">Frank Feys<\/a>\u00a0en 2004 y lleva impartiendo clases y talleres durante 15 a\u00f1os.<\/p>\n<p>Frank estudi\u00f3\u00a0durante 7 a\u00f1os en Los Angeles, la capital mundial de la industria cinematogr\u00e1fica. Ha sido formado por <a href=\"http:\/\/www.bhplayhouse.com\" target=\"_blank\" rel=\"noopener noreferrer\">Milton Katselas<\/a>, <a href=\"http:\/\/www.stuartrogersstudios.com\" target=\"_blank\" rel=\"noopener noreferrer\">Stuart Rogers<\/a> y <a href=\"http:\/\/www.aaronspeiser.com\" target=\"_blank\" rel=\"noopener noreferrer\">Aaron Speiser<\/a>. En 2016 Frank se ha convertido en el \u00fanico profesor certificado en Espa\u00f1a de la <strong>T\u00e9cnica de <a href=\"http:\/\/www.ivanachubbuck.com\" target=\"_blank\" rel=\"noopener noreferrer\">Ivana Chubbuck<\/a><\/strong>.<\/p>\n<p>Ha aparecido en numerosas pel\u00edculas, series de TV y obras de teatro. Ha trabajado con legendarios actores como Burt Reynolds, Dick van Dick, Omar Shariff, Lluis Homar, Asuncion Balaguer,\u00a0Benicio\u00a0del Toro, Tim Robbins,&#8230;<\/p>\n<p>En Espa\u00f1a Frank ha trabajado con Santiago Lapeira, Isabel Coixet, Benito Zambrano, Daniel Calparsoro, S\u00f2nia S\u00e1nchez, Manu\u00a0G\u00f3mez,\u00a0Fran Rovira, Antonia Hernandez y Fernando Leon de Aranoa.<\/p>\n<p>En 2008 protagoniz\u00f3 la mini serie <em>El caso Wanninkhof<\/em> junto a Luisa Martin y Juanjo\u00a0Puigcorb\u00e9. Y rod\u00f3\u00a0con Imanol Arias y Ana Duato en <em>Cu\u00e9ntame c\u00f3mo pas\u00f3<\/em>. En marzo 2009 rod\u00f3\u00a0la pel\u00edcula <em>Tramontana<\/em>\u00a0protagonizada por Yohana Cobo y dirigida por Ramon Gieling\u00a0y particip\u00f3 en la tercera temporada de <em>La Se\u00f1ora<\/em>, TVE. En agosto 2009 rod\u00f3 <em>Inocentes<\/em>\u00a0dirigida por Daniel Calparsoro con Michelle Jenner y Alex\u00a0Gonz\u00e1lez. En 2010 interpret\u00f3 al director en el largometraje <em>Orson West<\/em>\u00a0junto a\u00a0Sonia Almarcha y\u00a0particip\u00f3\u00a0como T\u00edo Richard en la serie\u00a0<em>Bandolera<\/em> de Antena 3.<\/p>\n<p>Tambi\u00e9n ha trabajado\u00a0en <em>Con el culo al aire<\/em>, <em>Gran Hotel<\/em>, <em>Victor Ros<\/em> y\u00a0<em>Ciega a citas<\/em>. En junio 2014 rueda la pel\u00edcula Killing Time al lado de Aitor Luna, Yon Gonzalez y Ben Temple.<\/p>\n<p>En 2015\u00a0trabaj\u00f3 en la pel\u00edcula\u00a0<em>Un d\u00eda perfecto<\/em> de Fernando Le\u00f3n de Aranoa al lado de 2 ganadores de Oscar Benicio del Toro y Tim Robbins. \u00a0Y en 2016 rod\u00f3\u00a0la pel\u00edcula <em>Wild Oaks<\/em> de Andy Tennant con Shirley MacLaine, Jessica Lange y Demi Moore.<\/p>\n<p>&nbsp;<\/p>\n<p>[\/spb_text_block] [\/spb_column] [spb_column col_sm=\u00bb6&#8243; padding_horizontal=\u00bb0&#8243; width=\u00bb1\/2&#8243; el_position=\u00bblast\u00bb] [spb_blank_spacer height=\u00bb90px\u00bb width=\u00bb1\/1&#8243; el_position=\u00bbfirst last\u00bb] [spb_image image=\u00bb3582&#8243; image_size=\u00bbfull\u00bb frame=\u00bbnoframe\u00bb caption_pos=\u00bbhover\u00bb remove_rounded=\u00bbyes\u00bb fullwidth=\u00bbno\u00bb overflow_mode=\u00bbnone\u00bb link_target=\u00bb_self\u00bb lightbox=\u00bbno\u00bb intro_animation=\u00bbnone\u00bb animation_delay=\u00bb200&#8243; width=\u00bb1\/1&#8243; el_position=\u00bbfirst last\u00bb][\/spb_image] [spb_text_block animation=\u00bbnone\u00bb animation_delay=\u00bb0&#8243; simplified_controls=\u00bbyes\u00bb custom_css_percentage=\u00bbno\u00bb padding_vertical=\u00bb0&#8243; padding_horizontal=\u00bb0&#8243; margin_vertical=\u00bb0&#8243; custom_css=\u00bbmargin-top: 0px;margin-bottom: 0px;\u00bb border_size=\u00bb0&#8243; border_styling_global=\u00bbdefault\u00bb width=\u00bb1\/1&#8243; el_position=\u00bbfirst last\u00bb]<\/p>\n<p style=\"text-align: center;\">More info: <a href=\"http:\/\/frankfeys.com\/\" target=\"_blank\" rel=\"noopener noreferrer\"><strong>www.frankfeys.com<\/strong><\/a><\/p>\n<p>[\/spb_text_block] [spb_blank_spacer height=\u00bb30px\u00bb width=\u00bb1\/1&#8243; el_position=\u00bbfirst last\u00bb] [\/spb_column] [spb_text_block animation=\u00bbnone\u00bb animation_delay=\u00bb0&#8243; simplified_controls=\u00bbyes\u00bb custom_css_percentage=\u00bbno\u00bb padding_vertical=\u00bb0&#8243; padding_horizontal=\u00bb0&#8243; margin_vertical=\u00bb0&#8243; custom_css=\u00bbmargin-top: 0px;margin-bottom: 0px;\u00bb border_size=\u00bb0&#8243; border_styling_global=\u00bbdefault\u00bb width=\u00bb1\/1&#8243; el_position=\u00bbfirst last\u00bb]<\/p>\n<div class=\"pb-wrap\">\r\n    <div class=\"wcp-loader\"><\/div>\r\n    <div><img decoding=\"async\" class=\"wcp-size-image\" style=\"display:none;\" src=\"https:\/\/actorsworkshop.es\/wp-content\/uploads\/2018\/05\/actua_54-frankfeys-1.jpg\"><\/div>\r\n    <div class=\"flipbook\" id=\"1373\">\r\n    <div><img decoding=\"async\" src=\"https:\/\/actorsworkshop.es\/wp-content\/uploads\/2018\/05\/actua_54-frankfeys-1.jpg\"><\/div><div><img decoding=\"async\" src=\"https:\/\/actorsworkshop.es\/wp-content\/uploads\/2018\/05\/actua_54-frankfeys-2.jpg\"><\/div><div><img decoding=\"async\" src=\"https:\/\/actorsworkshop.es\/wp-content\/uploads\/2018\/05\/actua_54-frankfeys-3.jpg\"><\/div><div><img decoding=\"async\" src=\"https:\/\/actorsworkshop.es\/wp-content\/uploads\/2018\/05\/actua_54-frankfeys-4.jpg\"><\/div>    <\/div>\r\n<\/div>\n<p>[\/spb_text_block] [spb_blank_spacer height=\u00bb60px\u00bb width=\u00bb1\/1&#8243; el_position=\u00bbfirst last\u00bb]<\/p>\n","protected":false},"excerpt":{"rendered":"<p>[spb_blank_spacer height=\u00bb60px\u00bb width=\u00bb1\/1&#8243; el_position=\u00bbfirst last\u00bb] [spb_column col_sm=\u00bb6&#8243; padding_horizontal=\u00bb0&#8243; width=\u00bb1\/2&#8243; el_position=\u00bbfirst\u00bb] [spb_text_block element_name=\u00bbFrank Feys\u00bb title=\u00bbFrank Feys\u00bb animation=\u00bbnone\u00bb animation_delay=\u00bb0&#8243; simplified_controls=\u00bbyes\u00bb custom_css_percentage=\u00bbno\u00bb padding_vertical=\u00bb4&#8243; padding_horizontal=\u00bb4&#8243; margin_vertical=\u00bb0&#8243; custom_css=\u00bbmargin-top: 0px;margin-bottom: 0px;padding-top: 4px;padding-left: 4px;padding-right: 4px;padding-bottom: 4px;\u00bb border_size=\u00bb0&#8243; border_styling_global=\u00bbdefault\u00bb width=\u00bb1\/1&#8243; el_position=\u00bbfirst last\u00bb] El Actors Workshop ha sido creado por Frank Feys\u00a0en 2004 y lleva impartiendo clases y talleres durante 15 a\u00f1os. Frank estudi\u00f3\u00a0durante 7 a\u00f1os en Los Angeles, [&hellip;]<\/p>\n","protected":false},"author":2,"featured_media":0,"parent":516,"menu_order":0,"comment_status":"closed","ping_status":"open","template":"","meta":{"footnotes":""},"class_list":["post-2764","page","type-page","status-publish","hentry"],"yoast_head":"<!-- This site is optimized with the Yoast SEO plugin v27.4 - https:\/\/yoast.com\/product\/yoast-seo-wordpress\/ -->\n<title>Profesores de actuaci\u00f3n del Actors Workshop<\/title>\n<meta name=\"robots\" content=\"index, follow, max-snippet:-1, max-image-preview:large, max-video-preview:-1\" \/>\n<link rel=\"canonical\" href=\"https:\/\/actorsworkshop.es\/es\/equipo-2\/equipo\/\" \/>\n<meta property=\"og:locale\" content=\"es_ES\" \/>\n<meta property=\"og:type\" content=\"article\" \/>\n<meta property=\"og:title\" content=\"Profesores de actuaci\u00f3n del Actors Workshop\" \/>\n<meta property=\"og:description\" content=\"[spb_blank_spacer height=\u00bb60px\u00bb width=\u00bb1\/1&#8243; el_position=\u00bbfirst last\u00bb] [spb_column col_sm=\u00bb6&#8243; padding_horizontal=\u00bb0&#8243; width=\u00bb1\/2&#8243; el_position=\u00bbfirst\u00bb] [spb_text_block element_name=\u00bbFrank Feys\u00bb title=\u00bbFrank Feys\u00bb animation=\u00bbnone\u00bb animation_delay=\u00bb0&#8243; simplified_controls=\u00bbyes\u00bb custom_css_percentage=\u00bbno\u00bb padding_vertical=\u00bb4&#8243; padding_horizontal=\u00bb4&#8243; margin_vertical=\u00bb0&#8243; custom_css=\u00bbmargin-top: 0px;margin-bottom: 0px;padding-top: 4px;padding-left: 4px;padding-right: 4px;padding-bottom: 4px;\u00bb border_size=\u00bb0&#8243; border_styling_global=\u00bbdefault\u00bb width=\u00bb1\/1&#8243; el_position=\u00bbfirst last\u00bb] El Actors Workshop ha sido creado por Frank Feys\u00a0en 2004 y lleva impartiendo clases y talleres durante 15 a\u00f1os. Frank estudi\u00f3\u00a0durante 7 a\u00f1os en Los Angeles, [&hellip;]\" \/>\n<meta property=\"og:url\" content=\"https:\/\/actorsworkshop.es\/es\/equipo-2\/equipo\/\" \/>\n<meta property=\"og:site_name\" content=\"The Actors Workshop Spain\" \/>\n<meta property=\"article:modified_time\" content=\"2023-05-26T08:33:54+00:00\" \/>\n<meta name=\"twitter:card\" content=\"summary_large_image\" \/>\n<meta name=\"twitter:label1\" content=\"Tiempo de lectura\" \/>\n\t<meta name=\"twitter:data1\" content=\"2 minutos\" \/>\n<script type=\"application\/ld+json\" class=\"yoast-schema-graph\">{\"@context\":\"https:\\\/\\\/schema.org\",\"@graph\":[{\"@type\":\"WebPage\",\"@id\":\"https:\\\/\\\/actorsworkshop.es\\\/es\\\/equipo-2\\\/equipo\\\/\",\"url\":\"https:\\\/\\\/actorsworkshop.es\\\/es\\\/equipo-2\\\/equipo\\\/\",\"name\":\"Profesores de actuaci\u00f3n del Actors Workshop\",\"isPartOf\":{\"@id\":\"https:\\\/\\\/actorsworkshop.es\\\/#website\"},\"datePublished\":\"2023-04-30T20:21:14+00:00\",\"dateModified\":\"2023-05-26T08:33:54+00:00\",\"breadcrumb\":{\"@id\":\"https:\\\/\\\/actorsworkshop.es\\\/es\\\/equipo-2\\\/equipo\\\/#breadcrumb\"},\"inLanguage\":\"es\",\"potentialAction\":[{\"@type\":\"ReadAction\",\"target\":[\"https:\\\/\\\/actorsworkshop.es\\\/es\\\/equipo-2\\\/equipo\\\/\"]}]},{\"@type\":\"BreadcrumbList\",\"@id\":\"https:\\\/\\\/actorsworkshop.es\\\/es\\\/equipo-2\\\/equipo\\\/#breadcrumb\",\"itemListElement\":[{\"@type\":\"ListItem\",\"position\":1,\"name\":\"Home\",\"item\":\"https:\\\/\\\/actorsworkshop.es\\\/es\\\/\"},{\"@type\":\"ListItem\",\"position\":2,\"name\":\"Equipo\",\"item\":\"https:\\\/\\\/actorsworkshop.es\\\/es\\\/equipo-2\\\/\"},{\"@type\":\"ListItem\",\"position\":3,\"name\":\"Equipo\"}]},{\"@type\":\"WebSite\",\"@id\":\"https:\\\/\\\/actorsworkshop.es\\\/#website\",\"url\":\"https:\\\/\\\/actorsworkshop.es\\\/\",\"name\":\"The Actors Workshop Spain\",\"description\":\"Acting School - Chubbuck Technique - Barcelona\",\"publisher\":{\"@id\":\"https:\\\/\\\/actorsworkshop.es\\\/#organization\"},\"potentialAction\":[{\"@type\":\"SearchAction\",\"target\":{\"@type\":\"EntryPoint\",\"urlTemplate\":\"https:\\\/\\\/actorsworkshop.es\\\/?s={search_term_string}\"},\"query-input\":{\"@type\":\"PropertyValueSpecification\",\"valueRequired\":true,\"valueName\":\"search_term_string\"}}],\"inLanguage\":\"es\"},{\"@type\":\"Organization\",\"@id\":\"https:\\\/\\\/actorsworkshop.es\\\/#organization\",\"name\":\"The Actors Workshop Espa\u00f1a\",\"url\":\"https:\\\/\\\/actorsworkshop.es\\\/\",\"logo\":{\"@type\":\"ImageObject\",\"inLanguage\":\"es\",\"@id\":\"https:\\\/\\\/actorsworkshop.es\\\/#\\\/schema\\\/logo\\\/image\\\/\",\"url\":\"https:\\\/\\\/actorsworkshop.es\\\/wp-content\\\/uploads\\\/2018\\\/08\\\/newlogoweb-2-e1534875049664.png\",\"contentUrl\":\"https:\\\/\\\/actorsworkshop.es\\\/wp-content\\\/uploads\\\/2018\\\/08\\\/newlogoweb-2-e1534875049664.png\",\"width\":294,\"height\":93,\"caption\":\"The Actors Workshop Espa\u00f1a\"},\"image\":{\"@id\":\"https:\\\/\\\/actorsworkshop.es\\\/#\\\/schema\\\/logo\\\/image\\\/\"}}]}<\/script>\n<!-- \/ Yoast SEO plugin. -->","yoast_head_json":{"title":"Profesores de actuaci\u00f3n del Actors Workshop","robots":{"index":"index","follow":"follow","max-snippet":"max-snippet:-1","max-image-preview":"max-image-preview:large","max-video-preview":"max-video-preview:-1"},"canonical":"https:\/\/actorsworkshop.es\/es\/equipo-2\/equipo\/","og_locale":"es_ES","og_type":"article","og_title":"Profesores de actuaci\u00f3n del Actors Workshop","og_description":"[spb_blank_spacer height=\u00bb60px\u00bb width=\u00bb1\/1&#8243; el_position=\u00bbfirst last\u00bb] [spb_column col_sm=\u00bb6&#8243; padding_horizontal=\u00bb0&#8243; width=\u00bb1\/2&#8243; el_position=\u00bbfirst\u00bb] [spb_text_block element_name=\u00bbFrank Feys\u00bb title=\u00bbFrank Feys\u00bb animation=\u00bbnone\u00bb animation_delay=\u00bb0&#8243; simplified_controls=\u00bbyes\u00bb custom_css_percentage=\u00bbno\u00bb padding_vertical=\u00bb4&#8243; padding_horizontal=\u00bb4&#8243; margin_vertical=\u00bb0&#8243; custom_css=\u00bbmargin-top: 0px;margin-bottom: 0px;padding-top: 4px;padding-left: 4px;padding-right: 4px;padding-bottom: 4px;\u00bb border_size=\u00bb0&#8243; border_styling_global=\u00bbdefault\u00bb width=\u00bb1\/1&#8243; el_position=\u00bbfirst last\u00bb] El Actors Workshop ha sido creado por Frank Feys\u00a0en 2004 y lleva impartiendo clases y talleres durante 15 a\u00f1os. Frank estudi\u00f3\u00a0durante 7 a\u00f1os en Los Angeles, [&hellip;]","og_url":"https:\/\/actorsworkshop.es\/es\/equipo-2\/equipo\/","og_site_name":"The Actors Workshop Spain","article_modified_time":"2023-05-26T08:33:54+00:00","twitter_card":"summary_large_image","twitter_misc":{"Tiempo de lectura":"2 minutos"},"schema":{"@context":"https:\/\/schema.org","@graph":[{"@type":"WebPage","@id":"https:\/\/actorsworkshop.es\/es\/equipo-2\/equipo\/","url":"https:\/\/actorsworkshop.es\/es\/equipo-2\/equipo\/","name":"Profesores de actuaci\u00f3n del Actors Workshop","isPartOf":{"@id":"https:\/\/actorsworkshop.es\/#website"},"datePublished":"2023-04-30T20:21:14+00:00","dateModified":"2023-05-26T08:33:54+00:00","breadcrumb":{"@id":"https:\/\/actorsworkshop.es\/es\/equipo-2\/equipo\/#breadcrumb"},"inLanguage":"es","potentialAction":[{"@type":"ReadAction","target":["https:\/\/actorsworkshop.es\/es\/equipo-2\/equipo\/"]}]},{"@type":"BreadcrumbList","@id":"https:\/\/actorsworkshop.es\/es\/equipo-2\/equipo\/#breadcrumb","itemListElement":[{"@type":"ListItem","position":1,"name":"Home","item":"https:\/\/actorsworkshop.es\/es\/"},{"@type":"ListItem","position":2,"name":"Equipo","item":"https:\/\/actorsworkshop.es\/es\/equipo-2\/"},{"@type":"ListItem","position":3,"name":"Equipo"}]},{"@type":"WebSite","@id":"https:\/\/actorsworkshop.es\/#website","url":"https:\/\/actorsworkshop.es\/","name":"The Actors Workshop Spain","description":"Acting School - Chubbuck Technique - Barcelona","publisher":{"@id":"https:\/\/actorsworkshop.es\/#organization"},"potentialAction":[{"@type":"SearchAction","target":{"@type":"EntryPoint","urlTemplate":"https:\/\/actorsworkshop.es\/?s={search_term_string}"},"query-input":{"@type":"PropertyValueSpecification","valueRequired":true,"valueName":"search_term_string"}}],"inLanguage":"es"},{"@type":"Organization","@id":"https:\/\/actorsworkshop.es\/#organization","name":"The Actors Workshop Espa\u00f1a","url":"https:\/\/actorsworkshop.es\/","logo":{"@type":"ImageObject","inLanguage":"es","@id":"https:\/\/actorsworkshop.es\/#\/schema\/logo\/image\/","url":"https:\/\/actorsworkshop.es\/wp-content\/uploads\/2018\/08\/newlogoweb-2-e1534875049664.png","contentUrl":"https:\/\/actorsworkshop.es\/wp-content\/uploads\/2018\/08\/newlogoweb-2-e1534875049664.png","width":294,"height":93,"caption":"The Actors Workshop Espa\u00f1a"},"image":{"@id":"https:\/\/actorsworkshop.es\/#\/schema\/logo\/image\/"}}]}},"_links":{"self":[{"href":"https:\/\/actorsworkshop.es\/es\/wp-json\/wp\/v2\/pages\/2764","targetHints":{"allow":["GET"]}}],"collection":[{"href":"https:\/\/actorsworkshop.es\/es\/wp-json\/wp\/v2\/pages"}],"about":[{"href":"https:\/\/actorsworkshop.es\/es\/wp-json\/wp\/v2\/types\/page"}],"author":[{"embeddable":true,"href":"https:\/\/actorsworkshop.es\/es\/wp-json\/wp\/v2\/users\/2"}],"replies":[{"embeddable":true,"href":"https:\/\/actorsworkshop.es\/es\/wp-json\/wp\/v2\/comments?post=2764"}],"version-history":[{"count":0,"href":"https:\/\/actorsworkshop.es\/es\/wp-json\/wp\/v2\/pages\/2764\/revisions"}],"up":[{"embeddable":true,"href":"https:\/\/actorsworkshop.es\/es\/wp-json\/wp\/v2\/pages\/516"}],"wp:attachment":[{"href":"https:\/\/actorsworkshop.es\/es\/wp-json\/wp\/v2\/media?parent=2764"}],"curies":[{"name":"wp","href":"https:\/\/api.w.org\/{rel}","templated":true}]}}