{"id":528,"date":"2017-02-14T16:30:08","date_gmt":"2017-02-14T15:30:08","guid":{"rendered":"http:\/\/actorsworkshop.es\/home\/"},"modified":"2026-02-20T11:22:52","modified_gmt":"2026-02-20T10:22:52","slug":"inicio","status":"publish","type":"page","link":"https:\/\/actorsworkshop.es\/es\/","title":{"rendered":"Inicio"},"content":{"rendered":"<p>[spb_row element_name=\u00bbGREEN\u00bb wrap_type=\u00bbfull-width-contained\u00bb row_bg_type=\u00bbcolor\u00bb row_bg_color=\u00bb#1b333f\u00bb color_row_height=\u00bbcontent-height\u00bb bg_type=\u00bbcover\u00bb parallax_image_height=\u00bbcontent-height\u00bb parallax_image_movement=\u00bbfixed\u00bb parallax_image_speed=\u00bbstandard\u00bb bg_video_loop=\u00bbyes\u00bb parallax_video_height=\u00bbwindow-height\u00bb row_top_style=\u00bbnone\u00bb row_bottom_style=\u00bbnone\u00bb parallax_video_overlay=\u00bbnone\u00bb row_overlay_opacity=\u00bb0&#8243; remove_element_spacing=\u00bbno\u00bb row_col_spacing=\u00bb0&#8243; row_col_pos=\u00bbdefault\u00bb row_col_equal_heights=\u00bbno\u00bb row_expanding=\u00bbno\u00bb row_animation=\u00bbnone\u00bb row_animation_delay=\u00bb0&#8243; minimize_row=\u00bbno\u00bb simplified_controls=\u00bbyes\u00bb custom_css_percentage=\u00bbno\u00bb custom_css=\u00bbmargin-top: 0px;margin-bottom: 0px;padding-top: 60px;padding-bottom: 60px;\u00bb border_styling_global=\u00bbdefault\u00bb width=\u00bb1\/1&#8243; el_position=\u00bbfirst last\u00bb] [spb_text_block animation=\u00bbnone\u00bb animation_delay=\u00bb0&#8243; simplified_controls=\u00bbyes\u00bb custom_css_percentage=\u00bbno\u00bb padding_vertical=\u00bb0&#8243; padding_horizontal=\u00bb0&#8243; margin_vertical=\u00bb0&#8243; custom_css=\u00bbmargin-top: 0px;margin-bottom: 0px;\u00bb border_size=\u00bb0&#8243; border_styling_global=\u00bbdefault\u00bb width=\u00bb1\/1&#8243; el_position=\u00bbfirst last\u00bb]<\/p>\n<h3 style=\"text-align: center;\"><span style=\"color: #ffffff;\">The Actors Workshop Espa\u00f1a es la primera y \u00fanica escuela oficial de la <a id=\"024A85BD-64EB-4E98-9441-5CEDC23DB385\" style=\"color: #ffffff;\" href=\"http:\/\/www.ivanachubbuck.com\/\" target=\"_blank\" rel=\"noopener noreferrer\">t\u00e9cnica Chubbuck<\/a> en Espa\u00f1a y Portugal.<\/span><\/h3>\n<p style=\"text-align: center;\"><span style=\"color: #ffffff;\">Durante 2026 impartiremos diferentes cursos con la t\u00e9cnica Chubbuck en Barcelona<\/span><\/p>\n<p>[\/spb_text_block] [\/spb_row] [spb_blank_spacer height=\u00bb30px\u00bb width=\u00bb1\/1&#8243; el_position=\u00bbfirst last\u00bb] [spb_text_block animation=\u00bbnone\u00bb animation_delay=\u00bb0&#8243; simplified_controls=\u00bbyes\u00bb custom_css_percentage=\u00bbno\u00bb padding_vertical=\u00bb0&#8243; padding_horizontal=\u00bb0&#8243; margin_vertical=\u00bb0&#8243; custom_css=\u00bbmargin-top: 0px;margin-bottom: 0px;\u00bb border_size=\u00bb0&#8243; border_styling_global=\u00bbdefault\u00bb width=\u00bb1\/2&#8243; el_position=\u00bbfirst\u00bb]<\/p>\n<p>Fundado en 2004 en Barcelona, el\u00a0<strong>Actors Workshop<\/strong>\u00a0fue creado para proporcionar a los actores la oportunidad de trabajar semanalmente en un taller de actuaci\u00f3n. Desde hace 12 a\u00f1os ofrecemos clases en un ambiente internacional y\u00a0multicultural,\u00a0que se imparten tanto en castellano como en ingl\u00e9s.<\/p>\n<p>[\/spb_text_block] [spb_text_block animation=\u00bbnone\u00bb animation_delay=\u00bb0&#8243; simplified_controls=\u00bbyes\u00bb custom_css_percentage=\u00bbno\u00bb padding_vertical=\u00bb0&#8243; padding_horizontal=\u00bb0&#8243; margin_vertical=\u00bb0&#8243; custom_css=\u00bbmargin-top: 0px;margin-bottom: 0px;\u00bb border_size=\u00bb0&#8243; border_styling_global=\u00bbdefault\u00bb width=\u00bb1\/2&#8243; el_position=\u00bblast\u00bb]<\/p>\n<p>Si est\u00e1s buscando en serio\u00a0convertirte\u00a0en un actor o actriz y est\u00e1s dispuesto a invertir tiempo, dedicaci\u00f3n y determinaci\u00f3n para conseguirlo, el\u00a0Actors Workshop\u00a0es tu sitio. \u00a0Te invito a leer algunos <a id=\"40ED73DB-C814-4A65-B573-FBAEBFF43359\" href=\"http:\/\/www.freewebs.com\/actorsworkshop\/apps\/testimonials\/\">testimonios<\/a> de los alumnos que han estudiado en el Actors Workshop.<\/p>\n<p>Antes de ser admitido en el taller o curso, cada estudiante ser\u00e1\u00a0entrevistado para determinar cual ser\u00e1 su clase adecuada<\/p>\n<p>[\/spb_text_block] [spb_blank_spacer height=\u00bb30px\u00bb width=\u00bb1\/1&#8243; el_position=\u00bbfirst last\u00bb] [spb_text_block animation=\u00bbnone\u00bb animation_delay=\u00bb0&#8243; simplified_controls=\u00bbyes\u00bb custom_css_percentage=\u00bbno\u00bb padding_vertical=\u00bb0&#8243; padding_horizontal=\u00bb0&#8243; margin_vertical=\u00bb0&#8243; custom_css=\u00bbmargin-top: 0px;margin-bottom: 0px;\u00bb border_size=\u00bb0&#8243; border_styling_global=\u00bbdefault\u00bb width=\u00bb1\/1&#8243; el_position=\u00bbfirst last\u00bb]<\/p>\n<h3 style=\"text-align: center;\"><strong>Talleres y cursos de la t\u00e9cnica Chubbuck en Barcelona\u00a0<\/strong><\/h3>\n<p>[\/spb_text_block] [spb_portfolio display_type=\u00bbstandard\u00bb multi_size_ratio=\u00bb1\/1&#8243; fullwidth=\u00bbno\u00bb gutters=\u00bbyes\u00bb columns=\u00bb3&#8243; show_title=\u00bbyes\u00bb show_subtitle=\u00bbno\u00bb show_excerpt=\u00bbno\u00bb hover_show_excerpt=\u00bbno\u00bb excerpt_length=\u00bb0&#8243; item_count=\u00bb10&#8243; category=\u00bbclases, cursos, talleres\u00bb order_by=\u00bbtitle\u00bb order=\u00bbASC\u00bb portfolio_filter=\u00bbno\u00bb pagination=\u00bbnone\u00bb button_enabled=\u00bbyes\u00bb width=\u00bb1\/1&#8243; el_position=\u00bbfirst last\u00bb] [spb_blank_spacer height=\u00bb30px\u00bb width=\u00bb1\/1&#8243; el_position=\u00bbfirst last\u00bb] [spb_row element_name=\u00bbGREY\u00bb wrap_type=\u00bbfull-width-contained\u00bb row_bg_type=\u00bbcolor\u00bb row_bg_color=\u00bb#f7f7f7&#8243; color_row_height=\u00bbcontent-height\u00bb bg_type=\u00bbcover\u00bb parallax_image_height=\u00bbcontent-height\u00bb parallax_image_movement=\u00bbfixed\u00bb parallax_image_speed=\u00bbstandard\u00bb bg_video_loop=\u00bbyes\u00bb parallax_video_height=\u00bbwindow-height\u00bb row_top_style=\u00bbnone\u00bb row_bottom_style=\u00bbnone\u00bb parallax_video_overlay=\u00bbnone\u00bb row_overlay_opacity=\u00bb0&#8243; remove_element_spacing=\u00bbno\u00bb row_col_spacing=\u00bb0&#8243; row_col_pos=\u00bbdefault\u00bb row_col_equal_heights=\u00bbno\u00bb row_expanding=\u00bbno\u00bb row_animation=\u00bbnone\u00bb row_animation_delay=\u00bb0&#8243; minimize_row=\u00bbno\u00bb simplified_controls=\u00bbyes\u00bb custom_css_percentage=\u00bbno\u00bb custom_css=\u00bbmargin-top: 0px;margin-bottom: 0px;padding-top: 50px;padding-bottom: 50px;\u00bb border_styling_global=\u00bbdefault\u00bb width=\u00bb1\/1&#8243; el_position=\u00bbfirst last\u00bb] [spb_blank_spacer height=\u00bb30px\u00bb width=\u00bb1\/1&#8243; el_position=\u00bbfirst last\u00bb] [spb_blank_spacer height=\u00bb30px\u00bb width=\u00bb1\/1&#8243; el_position=\u00bbfirst last\u00bb] [spb_text_block animation=\u00bbnone\u00bb animation_delay=\u00bb0&#8243; simplified_controls=\u00bbyes\u00bb custom_css_percentage=\u00bbno\u00bb padding_vertical=\u00bb0&#8243; padding_horizontal=\u00bb0&#8243; margin_vertical=\u00bb0&#8243; custom_css=\u00bbmargin-top: 0px;margin-bottom: 0px;\u00bb border_size=\u00bb0&#8243; border_styling_global=\u00bbdefault\u00bb width=\u00bb1\/1&#8243; el_position=\u00bbfirst last\u00bb]<\/p>\n<h3 style=\"text-align: center;\">TALLERES de 3- d\u00edas de la T\u00c9CNICA CHUBBUCK<br \/>\ncon Frank Feys<\/h3>\n<h3 style=\"text-align: center;\">BARCELONA 2023<\/h3>\n<h4 style=\"text-align: center;\">&#8211; 13,14 y 15 de marzo 2026<\/h4>\n<h4 style=\"text-align: center;\">&#8211; 17,18 y 19 de abril 2026<\/h4>\n<h4 style=\"text-align: center;\">&#8211; 15,16 y 17 de mayo 2026<\/h4>\n<h4 style=\"text-align: center;\">&#8211; 19,20y 21 de junio 2026<\/h4>\n<p>[\/spb_text_block] [spb_blank_spacer height=\u00bb30px\u00bb width=\u00bb1\/1&#8243; el_position=\u00bbfirst last\u00bb] [spb_blank_spacer height=\u00bb30px\u00bb width=\u00bb1\/1&#8243; el_position=\u00bbfirst last\u00bb] [spb_portfolio display_type=\u00bbstandard\u00bb multi_size_ratio=\u00bb1\/1&#8243; fullwidth=\u00bbno\u00bb gutters=\u00bbyes\u00bb columns=\u00bb1&#8243; show_title=\u00bbyes\u00bb show_subtitle=\u00bbno\u00bb show_excerpt=\u00bbno\u00bb hover_show_excerpt=\u00bbno\u00bb excerpt_length=\u00bb0&#8243; item_count=\u00bb1&#8243; category=\u00bbtalleres\u00bb order_by=\u00bbtitle\u00bb order=\u00bbASC\u00bb portfolio_filter=\u00bbno\u00bb pagination=\u00bbnone\u00bb button_enabled=\u00bbyes\u00bb width=\u00bb1\/2&#8243; el_position=\u00bbfirst\u00bb] [spb_text_block animation=\u00bbnone\u00bb animation_delay=\u00bb0&#8243; simplified_controls=\u00bbyes\u00bb custom_css_percentage=\u00bbno\u00bb padding_vertical=\u00bb0&#8243; padding_horizontal=\u00bb0&#8243; margin_vertical=\u00bb0&#8243; custom_css=\u00bbmargin-top: 0px;margin-bottom: 0px;\u00bb border_size=\u00bb0&#8243; border_styling_global=\u00bbdefault\u00bb width=\u00bb1\/2&#8243; el_position=\u00bblast\u00bb]<\/p>\n<div><\/div>\n<div class=\"gmail_default\"><\/div>\n<div class=\"gmail_default\">Taller de 3 d\u00edas intenso<\/div>\n<div class=\"gmail_default\">Viernes de 17h a 20h, Sabado y domingo de 10h a 17h.<\/div>\n<div class=\"gmail_default\">Descubre la t\u00e9cnica de Ivana Chubbuck con Frank Feys, el primer instructor acreditado en Espa\u00f1a y en Portugal en la t\u00e9cnica actoral Chubbuck.<\/div>\n<p><strong>El curso se imparte en ingl\u00e9s.<\/strong><\/p>\n<p style=\"text-align: left;\"><em><strong>Plazo de <a href=\"http:\/\/actorsworkshop.es\/es\/formulario-de-inscripcion\/\">inscripciones<\/a>: hasta tres semanas antes de que comience el curso.<\/strong><\/em><\/p>\n<p><strong>Hay 14 plazas disponibles.<\/strong><\/p>\n<p>[\/spb_text_block] [spb_blank_spacer height=\u00bb30px\u00bb width=\u00bb1\/1&#8243; el_position=\u00bbfirst last\u00bb] [\/spb_row] [spb_blank_spacer height=\u00bb100px\u00bb width=\u00bb1\/1&#8243; el_position=\u00bbfirst last\u00bb] [spb_blank_spacer height=\u00bb2px\u00bb width=\u00bb1\/6&#8243; el_position=\u00bbfirst\u00bb] [spb_video title=\u00bbFrank Feys &#8211; Interview &#8211; Chubbuck Technique\u00bb link=\u00bbhttps:\/\/vimeo.com\/243615221&#8243; remove_related=\u00bbyes\u00bb autoplay=\u00bbno\u00bb full_width=\u00bbno\u00bb width=\u00bb2\/3&#8243;] [spb_blank_spacer height=\u00bb2px\u00bb width=\u00bb1\/6&#8243; el_position=\u00bblast\u00bb] [spb_blank_spacer height=\u00bb100px\u00bb width=\u00bb1\/1&#8243; el_position=\u00bbfirst last\u00bb] [spb_text_block animation=\u00bbnone\u00bb animation_delay=\u00bb0&#8243; simplified_controls=\u00bbyes\u00bb custom_css_percentage=\u00bbno\u00bb padding_vertical=\u00bb0&#8243; padding_horizontal=\u00bb0&#8243; margin_vertical=\u00bb0&#8243; custom_css=\u00bbmargin-top: 0px;margin-bottom: 0px;\u00bb border_size=\u00bb0&#8243; border_styling_global=\u00bbdefault\u00bb width=\u00bb1\/1&#8243; el_position=\u00bbfirst last\u00bb]<\/p>\n<h3 style=\"text-align: center;\"><em>Nunca act\u00faes, se siempre honesto.<\/em><\/h3>\n<p>[\/spb_text_block] [spb_blank_spacer height=\u00bb30px\u00bb width=\u00bb1\/1&#8243; el_position=\u00bbfirst last\u00bb] [spb_row element_name=\u00bbGREY\u00bb wrap_type=\u00bbfull-width-contained\u00bb row_bg_type=\u00bbcolor\u00bb row_bg_color=\u00bb#f7f7f7&#8243; color_row_height=\u00bbcontent-height\u00bb bg_type=\u00bbcover\u00bb parallax_image_height=\u00bbcontent-height\u00bb parallax_image_movement=\u00bbfixed\u00bb parallax_image_speed=\u00bbstandard\u00bb bg_video_loop=\u00bbyes\u00bb parallax_video_height=\u00bbwindow-height\u00bb row_top_style=\u00bbnone\u00bb row_bottom_style=\u00bbnone\u00bb parallax_video_overlay=\u00bbnone\u00bb row_overlay_opacity=\u00bb0&#8243; remove_element_spacing=\u00bbno\u00bb row_col_spacing=\u00bb0&#8243; row_col_pos=\u00bbdefault\u00bb row_col_equal_heights=\u00bbno\u00bb row_expanding=\u00bbno\u00bb row_animation=\u00bbnone\u00bb row_animation_delay=\u00bb0&#8243; minimize_row=\u00bbno\u00bb simplified_controls=\u00bbyes\u00bb custom_css_percentage=\u00bbno\u00bb custom_css=\u00bbmargin-top: 0px;margin-bottom: 0px;padding-top: 50px;padding-bottom: 50px;\u00bb border_styling_global=\u00bbdefault\u00bb width=\u00bb1\/1&#8243; el_position=\u00bbfirst last\u00bb] [spb_image image=\u00bb343&#8243; image_size=\u00bbfull\u00bb frame=\u00bbnoframe\u00bb caption_pos=\u00bbhover\u00bb remove_rounded=\u00bbyes\u00bb fullwidth=\u00bbno\u00bb overflow_mode=\u00bbnone\u00bb link_target=\u00bb_self\u00bb lightbox=\u00bbno\u00bb intro_animation=\u00bbnone\u00bb animation_delay=\u00bb200&#8243; width=\u00bb1\/2&#8243; el_position=\u00bbfirst\u00bb][\/spb_image] [spb_text_block animation=\u00bbnone\u00bb animation_delay=\u00bb0&#8243; simplified_controls=\u00bbyes\u00bb custom_css_percentage=\u00bbno\u00bb padding_vertical=\u00bb0&#8243; padding_horizontal=\u00bb0&#8243; margin_vertical=\u00bb0&#8243; custom_css=\u00bbmargin-top: 0px;margin-bottom: 0px;\u00bb border_size=\u00bb0&#8243; border_styling_global=\u00bbdefault\u00bb width=\u00bb1\/2&#8243; el_position=\u00bblast\u00bb]<\/p>\n<p><em><span class=\"wz-italic\">\u00abEstoy orgullosa de que Frank Feys sea\u00a0un profesor acreditado de la t\u00e9cnica\u00a0Chubbuck.<\/span><\/em><\/p>\n<p><em><span class=\"wz-italic\">Tiene una incre\u00edble facilidad para entender la naturaleza humana, d\u00e1ndole\u00a0poder a sus estudiantes para encontrar su camino en las artes\u00bb<\/span><\/em><\/p>\n<p style=\"text-align: right;\">Ivana Chubbuck<\/p>\n<p>[\/spb_text_block] [\/spb_row] [spb_row element_name=\u00bbGREY 2&#8243; wrap_type=\u00bbfull-width-contained\u00bb row_bg_type=\u00bbcolor\u00bb row_bg_color=\u00bb#ffffff\u00bb color_row_height=\u00bbcontent-height\u00bb bg_type=\u00bbcover\u00bb parallax_image_height=\u00bbcontent-height\u00bb parallax_image_movement=\u00bbfixed\u00bb parallax_image_speed=\u00bbstandard\u00bb bg_video_loop=\u00bbyes\u00bb parallax_video_height=\u00bbwindow-height\u00bb row_top_style=\u00bbnone\u00bb row_bottom_style=\u00bbnone\u00bb parallax_video_overlay=\u00bbnone\u00bb row_overlay_opacity=\u00bb0&#8243; remove_element_spacing=\u00bbno\u00bb row_col_spacing=\u00bb0&#8243; row_col_pos=\u00bbdefault\u00bb row_col_equal_heights=\u00bbno\u00bb row_expanding=\u00bbno\u00bb row_animation=\u00bbnone\u00bb row_animation_delay=\u00bb0&#8243; minimize_row=\u00bbno\u00bb simplified_controls=\u00bbyes\u00bb custom_css_percentage=\u00bbno\u00bb custom_css=\u00bbmargin-top: 0px;margin-bottom: 0px;padding-top: 60px;padding-bottom: 60px;\u00bb border_styling_global=\u00bbdefault\u00bb width=\u00bb1\/1&#8243; el_position=\u00bbfirst last\u00bb] [spb_testimonial_carousel item_count=\u00bb40&#8243; order=\u00bbrand\u00bb category=\u00bbAll\u00bb page_link=\u00bbyes\u00bb width=\u00bb1\/1&#8243; el_position=\u00bbfirst last\u00bb] [\/spb_row]<\/p>\n","protected":false},"excerpt":{"rendered":"<p>[spb_row element_name=\u00bbGREEN\u00bb wrap_type=\u00bbfull-width-contained\u00bb row_bg_type=\u00bbcolor\u00bb row_bg_color=\u00bb#1b333f\u00bb color_row_height=\u00bbcontent-height\u00bb bg_type=\u00bbcover\u00bb parallax_image_height=\u00bbcontent-height\u00bb parallax_image_movement=\u00bbfixed\u00bb parallax_image_speed=\u00bbstandard\u00bb bg_video_loop=\u00bbyes\u00bb parallax_video_height=\u00bbwindow-height\u00bb row_top_style=\u00bbnone\u00bb row_bottom_style=\u00bbnone\u00bb parallax_video_overlay=\u00bbnone\u00bb row_overlay_opacity=\u00bb0&#8243; remove_element_spacing=\u00bbno\u00bb row_col_spacing=\u00bb0&#8243; row_col_pos=\u00bbdefault\u00bb row_col_equal_heights=\u00bbno\u00bb row_expanding=\u00bbno\u00bb row_animation=\u00bbnone\u00bb row_animation_delay=\u00bb0&#8243; minimize_row=\u00bbno\u00bb simplified_controls=\u00bbyes\u00bb custom_css_percentage=\u00bbno\u00bb custom_css=\u00bbmargin-top: 0px;margin-bottom: 0px;padding-top: 60px;padding-bottom: 60px;\u00bb border_styling_global=\u00bbdefault\u00bb width=\u00bb1\/1&#8243; el_position=\u00bbfirst last\u00bb] [spb_text_block animation=\u00bbnone\u00bb animation_delay=\u00bb0&#8243; simplified_controls=\u00bbyes\u00bb custom_css_percentage=\u00bbno\u00bb padding_vertical=\u00bb0&#8243; padding_horizontal=\u00bb0&#8243; margin_vertical=\u00bb0&#8243; custom_css=\u00bbmargin-top: 0px;margin-bottom: 0px;\u00bb border_size=\u00bb0&#8243; border_styling_global=\u00bbdefault\u00bb width=\u00bb1\/1&#8243; el_position=\u00bbfirst last\u00bb] The Actors Workshop Espa\u00f1a es la primera y \u00fanica [&hellip;]<\/p>\n","protected":false},"author":1,"featured_media":0,"parent":0,"menu_order":0,"comment_status":"closed","ping_status":"closed","template":"","meta":{"footnotes":""},"class_list":["post-528","page","type-page","status-publish","hentry"],"yoast_head":"<!-- This site is optimized with the Yoast SEO plugin v27.3 - https:\/\/yoast.com\/product\/yoast-seo-wordpress\/ -->\n<title>Actors Workshop Espa\u00f1a | Clases y cursos para actores en Barcelona<\/title>\n<meta name=\"description\" content=\"The Actors Workshop es la primera y \u00fanica escuela oficial de la t\u00e9cnica Chubbuck en Espa\u00f1a y en Portugal. Cursos, clases y talleres para actores en Barcelona.\" \/>\n<meta name=\"robots\" content=\"index, follow, max-snippet:-1, max-image-preview:large, max-video-preview:-1\" \/>\n<link rel=\"canonical\" href=\"https:\/\/actorsworkshop.es\/es\/\" \/>\n<meta property=\"og:locale\" content=\"es_ES\" \/>\n<meta property=\"og:type\" content=\"article\" \/>\n<meta property=\"og:title\" content=\"Actors Workshop Espa\u00f1a | Clases y cursos para actores en Barcelona\" \/>\n<meta property=\"og:description\" content=\"The Actors Workshop es la primera y \u00fanica escuela oficial de la t\u00e9cnica Chubbuck en Espa\u00f1a y en Portugal. Cursos, clases y talleres para actores en Barcelona.\" \/>\n<meta property=\"og:url\" content=\"https:\/\/actorsworkshop.es\/es\/\" \/>\n<meta property=\"og:site_name\" content=\"The Actors Workshop Spain\" \/>\n<meta property=\"article:modified_time\" content=\"2026-02-20T10:22:52+00:00\" \/>\n<meta name=\"twitter:card\" content=\"summary_large_image\" \/>\n<meta name=\"twitter:label1\" content=\"Tiempo de lectura\" \/>\n\t<meta name=\"twitter:data1\" content=\"4 minutos\" \/>\n<script type=\"application\/ld+json\" class=\"yoast-schema-graph\">{\"@context\":\"https:\\\/\\\/schema.org\",\"@graph\":[{\"@type\":\"WebPage\",\"@id\":\"https:\\\/\\\/actorsworkshop.es\\\/es\\\/\",\"url\":\"https:\\\/\\\/actorsworkshop.es\\\/es\\\/\",\"name\":\"Actors Workshop Espa\u00f1a | Clases y cursos para actores en Barcelona\",\"isPartOf\":{\"@id\":\"https:\\\/\\\/actorsworkshop.es\\\/#website\"},\"datePublished\":\"2017-02-14T15:30:08+00:00\",\"dateModified\":\"2026-02-20T10:22:52+00:00\",\"description\":\"The Actors Workshop es la primera y \u00fanica escuela oficial de la t\u00e9cnica Chubbuck en Espa\u00f1a y en Portugal. Cursos, clases y talleres para actores en Barcelona.\",\"breadcrumb\":{\"@id\":\"https:\\\/\\\/actorsworkshop.es\\\/es\\\/#breadcrumb\"},\"inLanguage\":\"es\",\"potentialAction\":[{\"@type\":\"ReadAction\",\"target\":[\"https:\\\/\\\/actorsworkshop.es\\\/es\\\/\"]}]},{\"@type\":\"BreadcrumbList\",\"@id\":\"https:\\\/\\\/actorsworkshop.es\\\/es\\\/#breadcrumb\",\"itemListElement\":[{\"@type\":\"ListItem\",\"position\":1,\"name\":\"Home\",\"item\":\"https:\\\/\\\/actorsworkshop.es\\\/es\\\/\"},{\"@type\":\"ListItem\",\"position\":2,\"name\":\"Inicio\"}]},{\"@type\":\"WebSite\",\"@id\":\"https:\\\/\\\/actorsworkshop.es\\\/#website\",\"url\":\"https:\\\/\\\/actorsworkshop.es\\\/\",\"name\":\"The Actors Workshop Spain\",\"description\":\"Acting School - Chubbuck Technique - Barcelona\",\"publisher\":{\"@id\":\"https:\\\/\\\/actorsworkshop.es\\\/#organization\"},\"potentialAction\":[{\"@type\":\"SearchAction\",\"target\":{\"@type\":\"EntryPoint\",\"urlTemplate\":\"https:\\\/\\\/actorsworkshop.es\\\/?s={search_term_string}\"},\"query-input\":{\"@type\":\"PropertyValueSpecification\",\"valueRequired\":true,\"valueName\":\"search_term_string\"}}],\"inLanguage\":\"es\"},{\"@type\":\"Organization\",\"@id\":\"https:\\\/\\\/actorsworkshop.es\\\/#organization\",\"name\":\"The Actors Workshop Espa\u00f1a\",\"url\":\"https:\\\/\\\/actorsworkshop.es\\\/\",\"logo\":{\"@type\":\"ImageObject\",\"inLanguage\":\"es\",\"@id\":\"https:\\\/\\\/actorsworkshop.es\\\/#\\\/schema\\\/logo\\\/image\\\/\",\"url\":\"https:\\\/\\\/actorsworkshop.es\\\/wp-content\\\/uploads\\\/2018\\\/08\\\/newlogoweb-2-e1534875049664.png\",\"contentUrl\":\"https:\\\/\\\/actorsworkshop.es\\\/wp-content\\\/uploads\\\/2018\\\/08\\\/newlogoweb-2-e1534875049664.png\",\"width\":294,\"height\":93,\"caption\":\"The Actors Workshop Espa\u00f1a\"},\"image\":{\"@id\":\"https:\\\/\\\/actorsworkshop.es\\\/#\\\/schema\\\/logo\\\/image\\\/\"}}]}<\/script>\n<!-- \/ Yoast SEO plugin. -->","yoast_head_json":{"title":"Actors Workshop Espa\u00f1a | Clases y cursos para actores en Barcelona","description":"The Actors Workshop es la primera y \u00fanica escuela oficial de la t\u00e9cnica Chubbuck en Espa\u00f1a y en Portugal. Cursos, clases y talleres para actores en Barcelona.","robots":{"index":"index","follow":"follow","max-snippet":"max-snippet:-1","max-image-preview":"max-image-preview:large","max-video-preview":"max-video-preview:-1"},"canonical":"https:\/\/actorsworkshop.es\/es\/","og_locale":"es_ES","og_type":"article","og_title":"Actors Workshop Espa\u00f1a | Clases y cursos para actores en Barcelona","og_description":"The Actors Workshop es la primera y \u00fanica escuela oficial de la t\u00e9cnica Chubbuck en Espa\u00f1a y en Portugal. Cursos, clases y talleres para actores en Barcelona.","og_url":"https:\/\/actorsworkshop.es\/es\/","og_site_name":"The Actors Workshop Spain","article_modified_time":"2026-02-20T10:22:52+00:00","twitter_card":"summary_large_image","twitter_misc":{"Tiempo de lectura":"4 minutos"},"schema":{"@context":"https:\/\/schema.org","@graph":[{"@type":"WebPage","@id":"https:\/\/actorsworkshop.es\/es\/","url":"https:\/\/actorsworkshop.es\/es\/","name":"Actors Workshop Espa\u00f1a | Clases y cursos para actores en Barcelona","isPartOf":{"@id":"https:\/\/actorsworkshop.es\/#website"},"datePublished":"2017-02-14T15:30:08+00:00","dateModified":"2026-02-20T10:22:52+00:00","description":"The Actors Workshop es la primera y \u00fanica escuela oficial de la t\u00e9cnica Chubbuck en Espa\u00f1a y en Portugal. Cursos, clases y talleres para actores en Barcelona.","breadcrumb":{"@id":"https:\/\/actorsworkshop.es\/es\/#breadcrumb"},"inLanguage":"es","potentialAction":[{"@type":"ReadAction","target":["https:\/\/actorsworkshop.es\/es\/"]}]},{"@type":"BreadcrumbList","@id":"https:\/\/actorsworkshop.es\/es\/#breadcrumb","itemListElement":[{"@type":"ListItem","position":1,"name":"Home","item":"https:\/\/actorsworkshop.es\/es\/"},{"@type":"ListItem","position":2,"name":"Inicio"}]},{"@type":"WebSite","@id":"https:\/\/actorsworkshop.es\/#website","url":"https:\/\/actorsworkshop.es\/","name":"The Actors Workshop Spain","description":"Acting School - Chubbuck Technique - Barcelona","publisher":{"@id":"https:\/\/actorsworkshop.es\/#organization"},"potentialAction":[{"@type":"SearchAction","target":{"@type":"EntryPoint","urlTemplate":"https:\/\/actorsworkshop.es\/?s={search_term_string}"},"query-input":{"@type":"PropertyValueSpecification","valueRequired":true,"valueName":"search_term_string"}}],"inLanguage":"es"},{"@type":"Organization","@id":"https:\/\/actorsworkshop.es\/#organization","name":"The Actors Workshop Espa\u00f1a","url":"https:\/\/actorsworkshop.es\/","logo":{"@type":"ImageObject","inLanguage":"es","@id":"https:\/\/actorsworkshop.es\/#\/schema\/logo\/image\/","url":"https:\/\/actorsworkshop.es\/wp-content\/uploads\/2018\/08\/newlogoweb-2-e1534875049664.png","contentUrl":"https:\/\/actorsworkshop.es\/wp-content\/uploads\/2018\/08\/newlogoweb-2-e1534875049664.png","width":294,"height":93,"caption":"The Actors Workshop Espa\u00f1a"},"image":{"@id":"https:\/\/actorsworkshop.es\/#\/schema\/logo\/image\/"}}]}},"_links":{"self":[{"href":"https:\/\/actorsworkshop.es\/es\/wp-json\/wp\/v2\/pages\/528","targetHints":{"allow":["GET"]}}],"collection":[{"href":"https:\/\/actorsworkshop.es\/es\/wp-json\/wp\/v2\/pages"}],"about":[{"href":"https:\/\/actorsworkshop.es\/es\/wp-json\/wp\/v2\/types\/page"}],"author":[{"embeddable":true,"href":"https:\/\/actorsworkshop.es\/es\/wp-json\/wp\/v2\/users\/1"}],"replies":[{"embeddable":true,"href":"https:\/\/actorsworkshop.es\/es\/wp-json\/wp\/v2\/comments?post=528"}],"version-history":[{"count":0,"href":"https:\/\/actorsworkshop.es\/es\/wp-json\/wp\/v2\/pages\/528\/revisions"}],"wp:attachment":[{"href":"https:\/\/actorsworkshop.es\/es\/wp-json\/wp\/v2\/media?parent=528"}],"curies":[{"name":"wp","href":"https:\/\/api.w.org\/{rel}","templated":true}]}}